{"id":137,"date":"2019-09-25T18:19:30","date_gmt":"2019-09-25T18:19:30","guid":{"rendered":"http:\/\/casavacanzescicli.com\/?page_id=137"},"modified":"2021-09-27T16:45:11","modified_gmt":"2021-09-27T16:45:11","slug":"137-2","status":"publish","type":"page","link":"https:\/\/casavacanzescicli.com\/","title":{"rendered":"&#8220;A casa di Chiara&#8221; apartment"},"content":{"rendered":"<h3><\/h3>\n<h3>&#8220;A casa di Chiara&#8221; apartament<\/h3>\n<div><strong><span style=\"font-size: medium;\">Immerso nel centro storico, per un soggiorno di cultura e relax. Situata a 30 metri dalla Via F. M. Penna la via principale dove sorgono tra le pi\u00f9 belle chiese barocche e, il comune uno dei luoghi del set televisivo del commissario Montalbano e a pochi chilometri dal mare. la struttura pregia di due appartamenti ognuno d\u00ec loro completamente arredato e funzionale con due stanze da letto matrimoniale e\/o singola, cucina, stanza da pranzo e bagno. Locale climatizzato, Tv, Frigo, Wi-Fi.. . possibilit\u00e0 dell aerea parcheggio comunale davanti la struttura.<\/span><\/strong><\/div>\n<div><\/div>\n<div>\n<div><strong><strong><span style=\"font-size: medium;\">Scicli: \u00abLa citt\u00e0 di Scicli sorge all&#8217;incrocio di tre valloni, con case da ogni parte su per i dirupi, una grande piazza in basso a cavallo di una fiumara, e antichi fabbricati ecclesiastici che coronano in pi\u00f9 punti, come acropoli barocche, il semicerchio delle altitudini&#8230;\u00bb<\/span><\/strong><\/strong><\/p>\n<p><strong><span style=\"font-size: medium;\">Scicli (Scichili in siciliano) \u00e8 un comune italiano di 26 924 abitanti del libero consorzio comunale di Ragusa in Sicilia.<br \/>\nMonumentale citt\u00e0 barocca dalle forme di un eccelso presepe vivente, nel 2002 il suo centro storico \u00e8 stato insignito del titolo di Patrimonio dell&#8217;Umanit\u00e0 da parte dell&#8217;UNESCO, insieme con altri sette comuni nella lista delle Citt\u00e0 tardo barocche del Val di Noto.<\/span><\/strong><\/p>\n<\/div>\n<p><strong>\u00a0<\/strong><\/p>\n<\/div>\n","protected":false},"excerpt":{"rendered":"<p>&#8220;A casa di Chiara&#8221; apartament Immerso nel centro storico, per un soggiorno di cultura e relax. Situata a 30 metri dalla Via F. M. Penna la via principale dove sorgono tra le pi\u00f9 belle chiese barocche e, il comune uno dei luoghi del set televisivo del commissario Montalbano e a pochi chilometri dal mare. la [&hellip;]<\/p>\n","protected":false},"author":1,"featured_media":0,"parent":0,"menu_order":0,"comment_status":"closed","ping_status":"closed","template":"","meta":{"footnotes":""},"_links":{"self":[{"href":"https:\/\/casavacanzescicli.com\/index.php\/wp-json\/wp\/v2\/pages\/137"}],"collection":[{"href":"https:\/\/casavacanzescicli.com\/index.php\/wp-json\/wp\/v2\/pages"}],"about":[{"href":"https:\/\/casavacanzescicli.com\/index.php\/wp-json\/wp\/v2\/types\/page"}],"author":[{"embeddable":true,"href":"https:\/\/casavacanzescicli.com\/index.php\/wp-json\/wp\/v2\/users\/1"}],"replies":[{"embeddable":true,"href":"https:\/\/casavacanzescicli.com\/index.php\/wp-json\/wp\/v2\/comments?post=137"}],"version-history":[{"count":16,"href":"https:\/\/casavacanzescicli.com\/index.php\/wp-json\/wp\/v2\/pages\/137\/revisions"}],"predecessor-version":[{"id":224,"href":"https:\/\/casavacanzescicli.com\/index.php\/wp-json\/wp\/v2\/pages\/137\/revisions\/224"}],"wp:attachment":[{"href":"https:\/\/casavacanzescicli.com\/index.php\/wp-json\/wp\/v2\/media?parent=137"}],"curies":[{"name":"wp","href":"https:\/\/api.w.org\/{rel}","templated":true}]}}